{"id":10453,"date":"2026-02-06T20:10:10","date_gmt":"2026-02-06T20:10:10","guid":{"rendered":"https:\/\/www.first5napa.org\/?page_id=10453"},"modified":"2026-02-06T20:32:46","modified_gmt":"2026-02-06T20:32:46","slug":"annual-report-archive","status":"publish","type":"page","link":"https:\/\/www.first5napa.org\/es\/who-we-are\/annual-report-archive\/","title":{"rendered":"Annual Report Archive"},"content":{"rendered":"\t\t<div data-elementor-type=\"wp-page\" data-elementor-id=\"10453\" class=\"elementor elementor-10453\" data-elementor-post-type=\"page\">\n\t\t\t\t<div class=\"elementor-element elementor-element-2aa4bdd e-flex e-con-boxed e-con e-parent\" data-id=\"2aa4bdd\" data-element_type=\"container\" data-e-type=\"container\" data-settings=\"{&quot;background_background&quot;:&quot;classic&quot;}\">\n\t\t\t\t\t<div class=\"e-con-inner\">\n\t\t<div class=\"elementor-element elementor-element-0b7bae8 e-flex e-con-boxed e-con e-child\" data-id=\"0b7bae8\" data-element_type=\"container\" data-e-type=\"container\">\n\t\t\t\t\t<div class=\"e-con-inner\">\n\t\t\t\t\t<\/div>\n\t\t\t\t<\/div>\n\t\t<div class=\"elementor-element elementor-element-aba5b31 e-flex e-con-boxed e-con e-child\" data-id=\"aba5b31\" data-element_type=\"container\" data-e-type=\"container\" data-settings=\"{&quot;background_background&quot;:&quot;classic&quot;}\">\n\t\t\t\t\t<div class=\"e-con-inner\">\n\t\t\t\t<div class=\"elementor-element elementor-element-17d1956 elementor-widget elementor-widget-heading\" data-id=\"17d1956\" data-element_type=\"widget\" data-e-type=\"widget\" data-widget_type=\"heading.default\">\n\t\t\t\t<div class=\"elementor-widget-container\">\n\t\t\t\t\t<h1 class=\"elementor-heading-title elementor-size-default\">Annual Report Archive<\/h1>\t\t\t\t<\/div>\n\t\t\t\t<\/div>\n\t\t\t\t<div class=\"elementor-element elementor-element-66c3b3b elementor-hidden-desktop elementor-hidden-laptop elementor-hidden-tablet elementor-hidden-mobile elementor-widget elementor-widget-text-editor\" data-id=\"66c3b3b\" data-element_type=\"widget\" data-e-type=\"widget\" data-widget_type=\"text-editor.default\">\n\t\t\t\t<div class=\"elementor-widget-container\">\n\t\t\t\t\t\t\t\t\t<p>First 5 Napa County is committed to building effective, engaged and courageous leaders and empowered parents, in order to meet the challenges that are at the core of improving the lives of young children.<\/p>\t\t\t\t\t\t\t\t<\/div>\n\t\t\t\t<\/div>\n\t\t\t\t<div class=\"elementor-element elementor-element-b62d298 elementor-align-left elementor-widget elementor-widget-button\" data-id=\"b62d298\" data-element_type=\"widget\" data-e-type=\"widget\" data-widget_type=\"button.default\">\n\t\t\t\t<div class=\"elementor-widget-container\">\n\t\t\t\t\t\t\t\t\t<div class=\"elementor-button-wrapper\">\n\t\t\t\t\t<a class=\"elementor-button elementor-button-link elementor-size-sm\" href=\"#readcontent\">\n\t\t\t\t\t\t<span class=\"elementor-button-content-wrapper\">\n\t\t\t\t\t\t\t\t\t<span class=\"elementor-button-text\">READ MORE<\/span>\n\t\t\t\t\t<\/span>\n\t\t\t\t\t<\/a>\n\t\t\t\t<\/div>\n\t\t\t\t\t\t\t\t<\/div>\n\t\t\t\t<\/div>\n\t\t\t\t\t<\/div>\n\t\t\t\t<\/div>\n\t\t\t\t\t<\/div>\n\t\t\t\t<\/div>\n\t\t<div class=\"elementor-element elementor-element-5fec377 e-flex e-con-boxed e-con e-parent\" data-id=\"5fec377\" data-element_type=\"container\" data-e-type=\"container\">\n\t\t\t\t\t<div class=\"e-con-inner\">\n\t\t\t\t<div class=\"elementor-element elementor-element-027e6ba elementor-widget elementor-widget-shortcode\" data-id=\"027e6ba\" data-element_type=\"widget\" data-e-type=\"widget\" data-widget_type=\"shortcode.default\">\n\t\t\t\t<div class=\"elementor-widget-container\">\n\t\t\t\t\t\n\t\t\t<div id=\"catch-breadcrumb\" class=\"catch-breadcrumb breadcrumb-area custom\">\n\t\t\t\t<nav class=\"entry-breadcrumbs\">\n\n\t\t\t\t\t<span class=\"breadcrumb\"><a href=\"https:\/\/www.first5napa.org\/es\/\">Home<\/a><span class=\"sep\">&gt;<\/span><\/span><span class=\"breadcrumb-current\">P\u00e1gina<\/span>\n\t\t\t\t<\/nav><!-- .entry-breadcrumbs -->\n\t\t\t<\/div><!-- .breadcrumb-area -->\n\n\t\t<div class=\"elementor-shortcode\"><\/div>\n\t\t\t\t\t\t<\/div>\n\t\t\t\t<\/div>\n\t\t\t\t\t<\/div>\n\t\t\t\t<\/div>\n\t\t<div class=\"elementor-element elementor-element-e0d3dc0 e-flex e-con-boxed e-con e-parent\" data-id=\"e0d3dc0\" data-element_type=\"container\" data-e-type=\"container\">\n\t\t\t\t\t<div class=\"e-con-inner\">\n\t\t<aside class=\"elementor-element elementor-element-d9647fb e-flex e-con-boxed e-con e-child\" data-id=\"d9647fb\" data-element_type=\"container\" data-e-type=\"container\">\n\t\t\t\t\t<div class=\"e-con-inner\">\n\t\t<div class=\"elementor-element elementor-element-da77ee5 e-flex e-con-boxed e-con e-child\" data-id=\"da77ee5\" data-element_type=\"container\" data-e-type=\"container\" data-settings=\"{&quot;sticky&quot;:&quot;top&quot;,&quot;sticky_offset&quot;:90,&quot;sticky_on&quot;:[&quot;desktop&quot;,&quot;laptop&quot;,&quot;tablet&quot;],&quot;sticky_offset_tablet&quot;:0,&quot;sticky_effects_offset&quot;:0,&quot;sticky_anchor_link_offset&quot;:0}\">\n\t\t\t\t\t<div class=\"e-con-inner\">\n\t\t\t\t<div class=\"elementor-element elementor-element-42e495b elementor-widget elementor-widget-heading\" data-id=\"42e495b\" data-element_type=\"widget\" data-e-type=\"widget\" data-widget_type=\"heading.default\">\n\t\t\t\t<div class=\"elementor-widget-container\">\n\t\t\t\t\t<h2 class=\"elementor-heading-title elementor-size-default\">Current and Previous Annual Reports<\/h2>\t\t\t\t<\/div>\n\t\t\t\t<\/div>\n\t\t\t\t<div class=\"elementor-element elementor-element-3c19994 elementor-hidden-mobile elementor-widget-divider--view-line elementor-widget elementor-widget-divider\" data-id=\"3c19994\" data-element_type=\"widget\" data-e-type=\"widget\" data-widget_type=\"divider.default\">\n\t\t\t\t<div class=\"elementor-widget-container\">\n\t\t\t\t\t\t\t<div class=\"elementor-divider\">\n\t\t\t<span class=\"elementor-divider-separator\">\n\t\t\t\t\t\t<\/span>\n\t\t<\/div>\n\t\t\t\t\t\t<\/div>\n\t\t\t\t<\/div>\n\t\t\t\t<div class=\"elementor-element elementor-element-3cedfc8 elementor-nav-menu__align-end elementor-nav-menu--dropdown-none elementor-widget elementor-widget-nav-menu\" data-id=\"3cedfc8\" data-element_type=\"widget\" data-e-type=\"widget\" data-settings=\"{&quot;layout&quot;:&quot;vertical&quot;,&quot;submenu_icon&quot;:{&quot;value&quot;:&quot;&lt;i class=\\&quot;\\&quot; aria-hidden=\\&quot;true\\&quot;&gt;&lt;\\\/i&gt;&quot;,&quot;library&quot;:&quot;&quot;}}\" data-widget_type=\"nav-menu.default\">\n\t\t\t\t<div class=\"elementor-widget-container\">\n\t\t\t\t\t\t\t\t<nav aria-label=\"Menu\" class=\"elementor-nav-menu--main elementor-nav-menu__container elementor-nav-menu--layout-vertical e--pointer-none\">\n\t\t\t\t<ul id=\"menu-1-3cedfc8\" class=\"elementor-nav-menu sm-vertical\"><li class=\"menu-item menu-item-type-post_type menu-item-object-page menu-item-10466\"><a href=\"https:\/\/www.first5napa.org\/es\/who-we-are\/annual-report-archive\/\" class=\"elementor-item menu-link\">Annual Report Archive<\/a><\/li>\n<\/ul>\t\t\t<\/nav>\n\t\t\t\t\t\t<nav class=\"elementor-nav-menu--dropdown elementor-nav-menu__container\" aria-hidden=\"true\">\n\t\t\t\t<ul id=\"menu-2-3cedfc8\" class=\"elementor-nav-menu sm-vertical\"><li class=\"menu-item menu-item-type-post_type menu-item-object-page menu-item-10466\"><a href=\"https:\/\/www.first5napa.org\/es\/who-we-are\/annual-report-archive\/\" class=\"elementor-item menu-link\" tabindex=\"-1\">Annual Report Archive<\/a><\/li>\n<\/ul>\t\t\t<\/nav>\n\t\t\t\t\t\t<\/div>\n\t\t\t\t<\/div>\n\t\t\t\t<div class=\"elementor-element elementor-element-eedf95d elementor-hidden-desktop elementor-hidden-laptop elementor-hidden-tablet elementor-widget-divider--view-line elementor-widget elementor-widget-divider\" data-id=\"eedf95d\" data-element_type=\"widget\" data-e-type=\"widget\" data-widget_type=\"divider.default\">\n\t\t\t\t<div class=\"elementor-widget-container\">\n\t\t\t\t\t\t\t<div class=\"elementor-divider\">\n\t\t\t<span class=\"elementor-divider-separator\">\n\t\t\t\t\t\t<\/span>\n\t\t<\/div>\n\t\t\t\t\t\t<\/div>\n\t\t\t\t<\/div>\n\t\t\t\t\t<\/div>\n\t\t\t\t<\/div>\n\t\t\t\t\t<\/div>\n\t\t\t\t<\/aside>\n\t\t<div class=\"elementor-element elementor-element-5b8396c e-flex e-con-boxed e-con e-child\" data-id=\"5b8396c\" data-element_type=\"container\" data-e-type=\"container\">\n\t\t\t\t\t<div class=\"e-con-inner\">\n\t\t\t\t<div class=\"elementor-element elementor-element-142eeab elementor-widget elementor-widget-menu-anchor\" data-id=\"142eeab\" data-element_type=\"widget\" data-e-type=\"widget\" data-widget_type=\"menu-anchor.default\">\n\t\t\t\t<div class=\"elementor-widget-container\">\n\t\t\t\t\t\t\t<div class=\"elementor-menu-anchor\" id=\"readcontent\"><\/div>\n\t\t\t\t\t\t<\/div>\n\t\t\t\t<\/div>\n\t\t\t\t<div class=\"elementor-element elementor-element-7b1f725 elementor-widget elementor-widget-heading\" data-id=\"7b1f725\" data-element_type=\"widget\" data-e-type=\"widget\" data-widget_type=\"heading.default\">\n\t\t\t\t<div class=\"elementor-widget-container\">\n\t\t\t\t\t<h2 class=\"elementor-heading-title elementor-size-default\">First 5 Napa County and First 5 California Annual Reports<\/h2>\t\t\t\t<\/div>\n\t\t\t\t<\/div>\n\t\t\t\t<div class=\"elementor-element elementor-element-6df16ea elementor-widget elementor-widget-text-editor\" data-id=\"6df16ea\" data-element_type=\"widget\" data-e-type=\"widget\" data-widget_type=\"text-editor.default\">\n\t\t\t\t<div class=\"elementor-widget-container\">\n\t\t\t\t\t\t\t\t\t<p>2025 was a big year for First 5 Napa County, full of <a href=\"https:\/\/www.first5napa.org\/wp-content\/uploads\/2025\/12\/Annual_Report_24-25.pdf\">opportunities<\/a>! View our County&#8217;s annual report below:<\/p>\t\t\t\t\t\t\t\t<\/div>\n\t\t\t\t<\/div>\n\t\t\t\t<div class=\"elementor-element elementor-element-28df881 elementor-align-left elementor-widget elementor-widget-button\" data-id=\"28df881\" data-element_type=\"widget\" data-e-type=\"widget\" data-widget_type=\"button.default\">\n\t\t\t\t<div class=\"elementor-widget-container\">\n\t\t\t\t\t\t\t\t\t<div class=\"elementor-button-wrapper\">\n\t\t\t\t\t<a class=\"elementor-button elementor-button-link elementor-size-sm\" href=\"https:\/\/www.first5napa.org\/wp-content\/uploads\/2025\/12\/First_5_Annual_Report_24-25.pdf\">\n\t\t\t\t\t\t<span class=\"elementor-button-content-wrapper\">\n\t\t\t\t\t\t\t\t\t<span class=\"elementor-button-text\">View First 5 Napa County's current annual report<\/span>\n\t\t\t\t\t<\/span>\n\t\t\t\t\t<\/a>\n\t\t\t\t<\/div>\n\t\t\t\t\t\t\t\t<\/div>\n\t\t\t\t<\/div>\n\t\t\t\t<div class=\"elementor-element elementor-element-8957e1c elementor-widget elementor-widget-text-editor\" data-id=\"8957e1c\" data-element_type=\"widget\" data-e-type=\"widget\" data-widget_type=\"text-editor.default\">\n\t\t\t\t<div class=\"elementor-widget-container\">\n\t\t\t\t\t\t\t\t\t<p><br \/>First 5 California is also engaged in meaningful early-childhood work throughout the state! View the First 5 CA annual reports below:<\/p><ul><li><a href=\"https:\/\/www.ccfc.ca.gov\/pdf\/about\/budget_perf\/annual_report_pdfs\/F5CA_AnnualReport_2025_D6.pdf\">2024-2025<\/a> (current issue from First 5 California)<\/li><li><a href=\"https:\/\/www.ccfc.ca.gov\/pdf\/about\/budget_perf\/annual_report_pdfs\/FY%202023-24%20Annual%20Report_Final.pdf\">2023-2024<\/a><\/li><li><a href=\"https:\/\/www.ccfc.ca.gov\/pdf\/about\/budget_perf\/annual_report_pdfs\/F5CA_2022-23_Annual%20Report_ADA.pdf\">2022-2023<\/a><\/li><li><a href=\"https:\/\/www.ccfc.ca.gov\/pdf\/about\/budget_perf\/annual_report_pdfs\/Annual-Report-21-22.pdf\">2021-2022<\/a><\/li><li><a href=\"https:\/\/www.ccfc.ca.gov\/pdf\/about\/budget_perf\/annual_report_pdfs\/Annual-Report-20-21.pdf\">2020-2021<\/a><\/li><li><a href=\"https:\/\/www.ccfc.ca.gov\/pdf\/about\/budget_perf\/annual_report_pdfs\/Annual-Report-19-20.pdf\">2019-2020<\/a><\/li><\/ul>\t\t\t\t\t\t\t\t<\/div>\n\t\t\t\t<\/div>\n\t\t\t\t\t<\/div>\n\t\t\t\t<\/div>\n\t\t\t\t\t<\/div>\n\t\t\t\t<\/div>\n\t\t\t\t<\/div>\n\t\t","protected":false},"excerpt":{"rendered":"<p>Annual Report Archive First 5 Napa County is committed to building effective, engaged and courageous leaders and empowered parents, in order to meet the challenges that are at the core of improving the lives of young children. READ MORE Current and Previous Annual Reports First 5 Napa County and First 5 California Annual Reports 2025 [&hellip;]<\/p>\n","protected":false},"author":8,"featured_media":0,"parent":48,"menu_order":1,"comment_status":"closed","ping_status":"closed","template":"elementor_header_footer","meta":{"_acf_changed":false,"inline_featured_image":false,"site-sidebar-layout":"no-sidebar","site-content-layout":"","ast-site-content-layout":"full-width-container","site-content-style":"default","site-sidebar-style":"default","ast-global-header-display":"","ast-banner-title-visibility":"","ast-main-header-display":"","ast-hfb-above-header-display":"","ast-hfb-below-header-display":"","ast-hfb-mobile-header-display":"","site-post-title":"disabled","ast-breadcrumbs-content":"","ast-featured-img":"disabled","footer-sml-layout":"","ast-disable-related-posts":"","theme-transparent-header-meta":"default","adv-header-id-meta":"","stick-header-meta":"","header-above-stick-meta":"","header-main-stick-meta":"","header-below-stick-meta":"","astra-migrate-meta-layouts":"set","ast-page-background-enabled":"default","ast-page-background-meta":{"desktop":{"background-color":"var(--ast-global-color-4)","background-image":"","background-repeat":"repeat","background-position":"center center","background-size":"auto","background-attachment":"scroll","background-type":"","background-media":"","overlay-type":"","overlay-color":"","overlay-opacity":"","overlay-gradient":""},"tablet":{"background-color":"","background-image":"","background-repeat":"repeat","background-position":"center center","background-size":"auto","background-attachment":"scroll","background-type":"","background-media":"","overlay-type":"","overlay-color":"","overlay-opacity":"","overlay-gradient":""},"mobile":{"background-color":"","background-image":"","background-repeat":"repeat","background-position":"center center","background-size":"auto","background-attachment":"scroll","background-type":"","background-media":"","overlay-type":"","overlay-color":"","overlay-opacity":"","overlay-gradient":""}},"ast-content-background-meta":{"desktop":{"background-color":"var(--ast-global-color-5)","background-image":"","background-repeat":"repeat","background-position":"center center","background-size":"auto","background-attachment":"scroll","background-type":"","background-media":"","overlay-type":"","overlay-color":"","overlay-opacity":"","overlay-gradient":""},"tablet":{"background-color":"var(--ast-global-color-5)","background-image":"","background-repeat":"repeat","background-position":"center center","background-size":"auto","background-attachment":"scroll","background-type":"","background-media":"","overlay-type":"","overlay-color":"","overlay-opacity":"","overlay-gradient":""},"mobile":{"background-color":"var(--ast-global-color-5)","background-image":"","background-repeat":"repeat","background-position":"center center","background-size":"auto","background-attachment":"scroll","background-type":"","background-media":"","overlay-type":"","overlay-color":"","overlay-opacity":"","overlay-gradient":""}},"footnotes":""},"class_list":["post-10453","page","type-page","status-publish","hentry"],"acf":[],"yoast_head":"<!-- This site is optimized with the Yoast SEO plugin v27.3 - https:\/\/yoast.com\/product\/yoast-seo-wordpress\/ -->\n<title>Annual Report Archive - First 5 Napa County Children and Families Commission<\/title>\n<meta name=\"description\" content=\"Learn about First 5 Napa County, an organization committed to supporting the well-being of children and families in Napa through programs, resources, and community engagement.\" \/>\n<meta name=\"robots\" content=\"index, follow, max-snippet:-1, max-image-preview:large, max-video-preview:-1\" \/>\n<link rel=\"canonical\" href=\"https:\/\/www.first5napa.org\/es\/quienes-somos\/annual-report-archive\/\" \/>\n<meta property=\"og:locale\" content=\"es_MX\" \/>\n<meta property=\"og:type\" content=\"article\" \/>\n<meta property=\"og:title\" content=\"Annual Report Archive - First 5 Napa County Children and Families Commission\" \/>\n<meta property=\"og:description\" content=\"Learn about First 5 Napa County, an organization committed to supporting the well-being of children and families in Napa through programs, resources, and community engagement.\" \/>\n<meta property=\"og:url\" content=\"https:\/\/www.first5napa.org\/es\/quienes-somos\/annual-report-archive\/\" \/>\n<meta property=\"og:site_name\" content=\"First 5 Napa County Children and Families Commission\" \/>\n<meta property=\"article:modified_time\" content=\"2026-02-06T20:32:46+00:00\" \/>\n<meta property=\"og:image\" content=\"https:\/\/www.first5napa.org\/wp-content\/uploads\/2023\/10\/facebook.jpg\" \/>\n\t<meta property=\"og:image:width\" content=\"2472\" \/>\n\t<meta property=\"og:image:height\" content=\"1436\" \/>\n\t<meta property=\"og:image:type\" content=\"image\/jpeg\" \/>\n<meta name=\"twitter:card\" content=\"summary_large_image\" \/>\n<meta name=\"twitter:label1\" content=\"Tiempo de lectura\" \/>\n\t<meta name=\"twitter:data1\" content=\"1 minuto\" \/>\n<script type=\"application\/ld+json\" class=\"yoast-schema-graph\">{\"@context\":\"https:\\\/\\\/schema.org\",\"@graph\":[{\"@type\":\"WebPage\",\"@id\":\"https:\\\/\\\/www.first5napa.org\\\/who-we-are\\\/annual-report-archive\\\/\",\"url\":\"https:\\\/\\\/www.first5napa.org\\\/who-we-are\\\/annual-report-archive\\\/\",\"name\":\"Annual Report Archive - First 5 Napa County Children and Families Commission\",\"isPartOf\":{\"@id\":\"https:\\\/\\\/www.first5napa.org\\\/#website\"},\"datePublished\":\"2026-02-06T20:10:10+00:00\",\"dateModified\":\"2026-02-06T20:32:46+00:00\",\"description\":\"Learn about First 5 Napa County, an organization committed to supporting the well-being of children and families in Napa through programs, resources, and community engagement.\",\"breadcrumb\":{\"@id\":\"https:\\\/\\\/www.first5napa.org\\\/who-we-are\\\/annual-report-archive\\\/#breadcrumb\"},\"inLanguage\":\"es\",\"potentialAction\":[{\"@type\":\"ReadAction\",\"target\":[\"https:\\\/\\\/www.first5napa.org\\\/who-we-are\\\/annual-report-archive\\\/\"]}]},{\"@type\":\"BreadcrumbList\",\"@id\":\"https:\\\/\\\/www.first5napa.org\\\/who-we-are\\\/annual-report-archive\\\/#breadcrumb\",\"itemListElement\":[{\"@type\":\"ListItem\",\"position\":1,\"name\":\"Home\",\"item\":\"https:\\\/\\\/www.first5napa.org\\\/\"},{\"@type\":\"ListItem\",\"position\":2,\"name\":\"Who We Are\",\"item\":\"https:\\\/\\\/www.first5napa.org\\\/who-we-are\\\/\"},{\"@type\":\"ListItem\",\"position\":3,\"name\":\"Annual Report Archive\"}]},{\"@type\":\"WebSite\",\"@id\":\"https:\\\/\\\/www.first5napa.org\\\/#website\",\"url\":\"https:\\\/\\\/www.first5napa.org\\\/\",\"name\":\"First 5 Napa County Children and Families Commission\",\"description\":\"\",\"publisher\":{\"@id\":\"https:\\\/\\\/www.first5napa.org\\\/#organization\"},\"potentialAction\":[{\"@type\":\"SearchAction\",\"target\":{\"@type\":\"EntryPoint\",\"urlTemplate\":\"https:\\\/\\\/www.first5napa.org\\\/?s={search_term_string}\"},\"query-input\":{\"@type\":\"PropertyValueSpecification\",\"valueRequired\":true,\"valueName\":\"search_term_string\"}}],\"inLanguage\":\"es\"},{\"@type\":\"Organization\",\"@id\":\"https:\\\/\\\/www.first5napa.org\\\/#organization\",\"name\":\"First 5 Napa County Children and Families Commission\",\"url\":\"https:\\\/\\\/www.first5napa.org\\\/\",\"logo\":{\"@type\":\"ImageObject\",\"inLanguage\":\"es\",\"@id\":\"https:\\\/\\\/www.first5napa.org\\\/#\\\/schema\\\/logo\\\/image\\\/\",\"url\":\"https:\\\/\\\/www.first5napa.org\\\/wp-content\\\/uploads\\\/2023\\\/09\\\/first-five-napa-stacked-logo-full-color-rgb-900px-w-72ppi.png\",\"contentUrl\":\"https:\\\/\\\/www.first5napa.org\\\/wp-content\\\/uploads\\\/2023\\\/09\\\/first-five-napa-stacked-logo-full-color-rgb-900px-w-72ppi.png\",\"width\":900,\"height\":536,\"caption\":\"First 5 Napa County Children and Families Commission\"},\"image\":{\"@id\":\"https:\\\/\\\/www.first5napa.org\\\/#\\\/schema\\\/logo\\\/image\\\/\"}}]}<\/script>\n<!-- \/ Yoast SEO plugin. -->","yoast_head_json":{"title":"Annual Report Archive - First 5 Napa County Children and Families Commission","description":"Aprenda sobre First 5 Napa County, una organizaci\u00f3n comprometida a apoyar el bienestar de los ni\u00f1os y las familias en Napa a trav\u00e9s de programas, recursos y participaci\u00f3n de la comunidad.","robots":{"index":"index","follow":"follow","max-snippet":"max-snippet:-1","max-image-preview":"max-image-preview:large","max-video-preview":"max-video-preview:-1"},"canonical":"https:\/\/www.first5napa.org\/es\/quienes-somos\/annual-report-archive\/","og_locale":"es_MX","og_type":"article","og_title":"Annual Report Archive - First 5 Napa County Children and Families Commission","og_description":"Learn about First 5 Napa County, an organization committed to supporting the well-being of children and families in Napa through programs, resources, and community engagement.","og_url":"https:\/\/www.first5napa.org\/es\/quienes-somos\/annual-report-archive\/","og_site_name":"First 5 Napa County Children and Families Commission","article_modified_time":"2026-02-06T20:32:46+00:00","og_image":[{"width":2472,"height":1436,"url":"https:\/\/www.first5napa.org\/wp-content\/uploads\/2023\/10\/facebook.jpg","type":"image\/jpeg"}],"twitter_card":"summary_large_image","twitter_misc":{"Tiempo de lectura":"1 minuto"},"schema":{"@context":"https:\/\/schema.org","@graph":[{"@type":"WebPage","@id":"https:\/\/www.first5napa.org\/who-we-are\/annual-report-archive\/","url":"https:\/\/www.first5napa.org\/who-we-are\/annual-report-archive\/","name":"Annual Report Archive - First 5 Napa County Children and Families Commission","isPartOf":{"@id":"https:\/\/www.first5napa.org\/#website"},"datePublished":"2026-02-06T20:10:10+00:00","dateModified":"2026-02-06T20:32:46+00:00","description":"Aprenda sobre First 5 Napa County, una organizaci\u00f3n comprometida a apoyar el bienestar de los ni\u00f1os y las familias en Napa a trav\u00e9s de programas, recursos y participaci\u00f3n de la comunidad.","breadcrumb":{"@id":"https:\/\/www.first5napa.org\/who-we-are\/annual-report-archive\/#breadcrumb"},"inLanguage":"es","potentialAction":[{"@type":"ReadAction","target":["https:\/\/www.first5napa.org\/who-we-are\/annual-report-archive\/"]}]},{"@type":"BreadcrumbList","@id":"https:\/\/www.first5napa.org\/who-we-are\/annual-report-archive\/#breadcrumb","itemListElement":[{"@type":"ListItem","position":1,"name":"Home","item":"https:\/\/www.first5napa.org\/"},{"@type":"ListItem","position":2,"name":"Who We Are","item":"https:\/\/www.first5napa.org\/who-we-are\/"},{"@type":"ListItem","position":3,"name":"Annual Report Archive"}]},{"@type":"WebSite","@id":"https:\/\/www.first5napa.org\/#website","url":"https:\/\/www.first5napa.org\/","name":"Comisi\u00f3n de Ni\u00f1os y Familias de First 5 Napa County","description":"","publisher":{"@id":"https:\/\/www.first5napa.org\/#organization"},"potentialAction":[{"@type":"SearchAction","target":{"@type":"EntryPoint","urlTemplate":"https:\/\/www.first5napa.org\/?s={search_term_string}"},"query-input":{"@type":"PropertyValueSpecification","valueRequired":true,"valueName":"search_term_string"}}],"inLanguage":"es"},{"@type":"Organization","@id":"https:\/\/www.first5napa.org\/#organization","name":"Comisi\u00f3n de Ni\u00f1os y Familias de First 5 Napa County","url":"https:\/\/www.first5napa.org\/","logo":{"@type":"ImageObject","inLanguage":"es","@id":"https:\/\/www.first5napa.org\/#\/schema\/logo\/image\/","url":"https:\/\/www.first5napa.org\/wp-content\/uploads\/2023\/09\/first-five-napa-stacked-logo-full-color-rgb-900px-w-72ppi.png","contentUrl":"https:\/\/www.first5napa.org\/wp-content\/uploads\/2023\/09\/first-five-napa-stacked-logo-full-color-rgb-900px-w-72ppi.png","width":900,"height":536,"caption":"First 5 Napa County Children and Families Commission"},"image":{"@id":"https:\/\/www.first5napa.org\/#\/schema\/logo\/image\/"}}]}},"_links":{"self":[{"href":"https:\/\/www.first5napa.org\/es\/wp-json\/wp\/v2\/pages\/10453","targetHints":{"allow":["GET"]}}],"collection":[{"href":"https:\/\/www.first5napa.org\/es\/wp-json\/wp\/v2\/pages"}],"about":[{"href":"https:\/\/www.first5napa.org\/es\/wp-json\/wp\/v2\/types\/page"}],"author":[{"embeddable":true,"href":"https:\/\/www.first5napa.org\/es\/wp-json\/wp\/v2\/users\/8"}],"replies":[{"embeddable":true,"href":"https:\/\/www.first5napa.org\/es\/wp-json\/wp\/v2\/comments?post=10453"}],"version-history":[{"count":10,"href":"https:\/\/www.first5napa.org\/es\/wp-json\/wp\/v2\/pages\/10453\/revisions"}],"predecessor-version":[{"id":10469,"href":"https:\/\/www.first5napa.org\/es\/wp-json\/wp\/v2\/pages\/10453\/revisions\/10469"}],"up":[{"embeddable":true,"href":"https:\/\/www.first5napa.org\/es\/wp-json\/wp\/v2\/pages\/48"}],"wp:attachment":[{"href":"https:\/\/www.first5napa.org\/es\/wp-json\/wp\/v2\/media?parent=10453"}],"curies":[{"name":"wp","href":"https:\/\/api.w.org\/{rel}","templated":true}]}}