{"id":77,"date":"2023-09-09T14:44:31","date_gmt":"2023-09-09T14:44:31","guid":{"rendered":"https:\/\/www.first5napa.org\/?page_id=77"},"modified":"2025-09-24T00:04:24","modified_gmt":"2025-09-24T00:04:24","slug":"oportunidades-de-financiacion","status":"publish","type":"page","link":"https:\/\/www.first5napa.org\/es\/investments\/opportunities-for-funding\/","title":{"rendered":"Oportunidades de financiaci\u00f3n"},"content":{"rendered":"\t\t<div data-elementor-type=\"wp-page\" data-elementor-id=\"77\" class=\"elementor elementor-77\" data-elementor-post-type=\"page\">\n\t\t\t\t<div class=\"elementor-element elementor-element-cb98068 e-flex e-con-boxed e-con e-parent\" data-id=\"cb98068\" data-element_type=\"container\" data-e-type=\"container\" data-settings=\"{&quot;background_background&quot;:&quot;classic&quot;}\">\n\t\t\t\t\t<div class=\"e-con-inner\">\n\t\t<div class=\"elementor-element elementor-element-4341642 e-flex e-con-boxed e-con e-child\" data-id=\"4341642\" data-element_type=\"container\" data-e-type=\"container\">\n\t\t\t\t\t<div class=\"e-con-inner\">\n\t\t\t\t\t<\/div>\n\t\t\t\t<\/div>\n\t\t<div class=\"elementor-element elementor-element-a7f7b65 e-flex e-con-boxed e-con e-child\" data-id=\"a7f7b65\" data-element_type=\"container\" data-e-type=\"container\" data-settings=\"{&quot;background_background&quot;:&quot;classic&quot;}\">\n\t\t\t\t\t<div class=\"e-con-inner\">\n\t\t\t\t<div class=\"elementor-element elementor-element-39f599b elementor-widget elementor-widget-heading\" data-id=\"39f599b\" data-element_type=\"widget\" data-e-type=\"widget\" data-widget_type=\"heading.default\">\n\t\t\t\t<div class=\"elementor-widget-container\">\n\t\t\t\t\t<h1 class=\"elementor-heading-title elementor-size-default\">Opportunities For Funding<\/h1>\t\t\t\t<\/div>\n\t\t\t\t<\/div>\n\t\t\t\t<div class=\"elementor-element elementor-element-3414b32 elementor-align-left elementor-widget elementor-widget-button\" data-id=\"3414b32\" data-element_type=\"widget\" data-e-type=\"widget\" data-widget_type=\"button.default\">\n\t\t\t\t<div class=\"elementor-widget-container\">\n\t\t\t\t\t\t\t\t\t<div class=\"elementor-button-wrapper\">\n\t\t\t\t\t<a class=\"elementor-button elementor-button-link elementor-size-sm\" href=\"#readcontent\">\n\t\t\t\t\t\t<span class=\"elementor-button-content-wrapper\">\n\t\t\t\t\t\t\t\t\t<span class=\"elementor-button-text\">READ MORE<\/span>\n\t\t\t\t\t<\/span>\n\t\t\t\t\t<\/a>\n\t\t\t\t<\/div>\n\t\t\t\t\t\t\t\t<\/div>\n\t\t\t\t<\/div>\n\t\t\t\t\t<\/div>\n\t\t\t\t<\/div>\n\t\t\t\t\t<\/div>\n\t\t\t\t<\/div>\n\t\t<div class=\"elementor-element elementor-element-8260842 e-flex e-con-boxed e-con e-parent\" data-id=\"8260842\" data-element_type=\"container\" data-e-type=\"container\">\n\t\t\t\t\t<div class=\"e-con-inner\">\n\t\t\t\t<div class=\"elementor-element elementor-element-5e1beaf elementor-widget elementor-widget-shortcode\" data-id=\"5e1beaf\" data-element_type=\"widget\" data-e-type=\"widget\" data-widget_type=\"shortcode.default\">\n\t\t\t\t<div class=\"elementor-widget-container\">\n\t\t\t\t\t\n\t\t\t<div id=\"catch-breadcrumb\" class=\"catch-breadcrumb breadcrumb-area custom\">\n\t\t\t\t<nav class=\"entry-breadcrumbs\">\n\n\t\t\t\t\t<span class=\"breadcrumb\"><a href=\"https:\/\/www.first5napa.org\/es\/\">Home<\/a><span class=\"sep\">&gt;<\/span><\/span><span class=\"breadcrumb-current\">P\u00e1gina<\/span>\n\t\t\t\t<\/nav><!-- .entry-breadcrumbs -->\n\t\t\t<\/div><!-- .breadcrumb-area -->\n\n\t\t<div class=\"elementor-shortcode\"><\/div>\n\t\t\t\t\t\t<\/div>\n\t\t\t\t<\/div>\n\t\t\t\t\t<\/div>\n\t\t\t\t<\/div>\n\t\t<div class=\"elementor-element elementor-element-51c8396 e-flex e-con-boxed e-con e-parent\" data-id=\"51c8396\" data-element_type=\"container\" data-e-type=\"container\">\n\t\t\t\t\t<div class=\"e-con-inner\">\n\t\t<aside class=\"elementor-element elementor-element-869204d e-flex e-con-boxed e-con e-child\" data-id=\"869204d\" data-element_type=\"container\" data-e-type=\"container\">\n\t\t\t\t\t<div class=\"e-con-inner\">\n\t\t<div class=\"elementor-element elementor-element-d33d501 e-flex e-con-boxed e-con e-child\" data-id=\"d33d501\" data-element_type=\"container\" data-e-type=\"container\" data-settings=\"{&quot;sticky&quot;:&quot;top&quot;,&quot;sticky_offset&quot;:90,&quot;sticky_on&quot;:[&quot;desktop&quot;,&quot;laptop&quot;,&quot;tablet&quot;],&quot;sticky_offset_tablet&quot;:0,&quot;sticky_effects_offset&quot;:0,&quot;sticky_anchor_link_offset&quot;:0}\">\n\t\t\t\t\t<div class=\"e-con-inner\">\n\t\t\t\t<div class=\"elementor-element elementor-element-73e23aa elementor-widget elementor-widget-heading\" data-id=\"73e23aa\" data-element_type=\"widget\" data-e-type=\"widget\" data-widget_type=\"heading.default\">\n\t\t\t\t<div class=\"elementor-widget-container\">\n\t\t\t\t\t<h2 class=\"elementor-heading-title elementor-size-default\">What We Fund<\/h2>\t\t\t\t<\/div>\n\t\t\t\t<\/div>\n\t\t\t\t<div class=\"elementor-element elementor-element-8c75b45 elementor-hidden-mobile elementor-widget-divider--view-line elementor-widget elementor-widget-divider\" data-id=\"8c75b45\" data-element_type=\"widget\" data-e-type=\"widget\" data-widget_type=\"divider.default\">\n\t\t\t\t<div class=\"elementor-widget-container\">\n\t\t\t\t\t\t\t<div class=\"elementor-divider\">\n\t\t\t<span class=\"elementor-divider-separator\">\n\t\t\t\t\t\t<\/span>\n\t\t<\/div>\n\t\t\t\t\t\t<\/div>\n\t\t\t\t<\/div>\n\t\t\t\t<div class=\"elementor-element elementor-element-1fb515c elementor-nav-menu__align-end elementor-nav-menu--dropdown-none elementor-widget elementor-widget-nav-menu\" data-id=\"1fb515c\" data-element_type=\"widget\" data-e-type=\"widget\" data-settings=\"{&quot;layout&quot;:&quot;vertical&quot;,&quot;submenu_icon&quot;:{&quot;value&quot;:&quot;&lt;i class=\\&quot;\\&quot; aria-hidden=\\&quot;true\\&quot;&gt;&lt;\\\/i&gt;&quot;,&quot;library&quot;:&quot;&quot;}}\" data-widget_type=\"nav-menu.default\">\n\t\t\t\t<div class=\"elementor-widget-container\">\n\t\t\t\t\t\t\t\t<nav aria-label=\"Menu\" class=\"elementor-nav-menu--main elementor-nav-menu__container elementor-nav-menu--layout-vertical e--pointer-none\">\n\t\t\t\t<ul id=\"menu-1-1fb515c\" class=\"elementor-nav-menu sm-vertical\"><li class=\"menu-item menu-item-type-post_type menu-item-object-page menu-item-385\"><a href=\"https:\/\/www.first5napa.org\/es\/investments\/family-strengthening\/\" class=\"elementor-item menu-link\">Family Strengthening<\/a><\/li>\n<li class=\"menu-item menu-item-type-post_type menu-item-object-page menu-item-384\"><a href=\"https:\/\/www.first5napa.org\/es\/investments\/capacity-building\/\" class=\"elementor-item menu-link\">Capacity Building<\/a><\/li>\n<li class=\"menu-item menu-item-type-post_type menu-item-object-page menu-item-387\"><a href=\"https:\/\/www.first5napa.org\/es\/impact\/resilient-communities\/\" class=\"elementor-item menu-link\">Resilient Communities<\/a><\/li>\n<li class=\"menu-item menu-item-type-post_type menu-item-object-page menu-item-9144\"><a href=\"https:\/\/www.first5napa.org\/es\/investments\/our-grantees\/\" class=\"elementor-item menu-link\">Our Grantees<\/a><\/li>\n<li class=\"menu-item menu-item-type-post_type menu-item-object-page menu-item-386\"><a href=\"https:\/\/www.first5napa.org\/es\/investments\/opportunities-for-funding\/\" class=\"elementor-item menu-link\">Opportunities for Funding<\/a><\/li>\n<\/ul>\t\t\t<\/nav>\n\t\t\t\t\t\t<nav class=\"elementor-nav-menu--dropdown elementor-nav-menu__container\" aria-hidden=\"true\">\n\t\t\t\t<ul id=\"menu-2-1fb515c\" class=\"elementor-nav-menu sm-vertical\"><li class=\"menu-item menu-item-type-post_type menu-item-object-page menu-item-385\"><a href=\"https:\/\/www.first5napa.org\/es\/investments\/family-strengthening\/\" class=\"elementor-item menu-link\" tabindex=\"-1\">Family Strengthening<\/a><\/li>\n<li class=\"menu-item menu-item-type-post_type menu-item-object-page menu-item-384\"><a href=\"https:\/\/www.first5napa.org\/es\/investments\/capacity-building\/\" class=\"elementor-item menu-link\" tabindex=\"-1\">Capacity Building<\/a><\/li>\n<li class=\"menu-item menu-item-type-post_type menu-item-object-page menu-item-387\"><a href=\"https:\/\/www.first5napa.org\/es\/impact\/resilient-communities\/\" class=\"elementor-item menu-link\" tabindex=\"-1\">Resilient Communities<\/a><\/li>\n<li class=\"menu-item menu-item-type-post_type menu-item-object-page menu-item-9144\"><a href=\"https:\/\/www.first5napa.org\/es\/investments\/our-grantees\/\" class=\"elementor-item menu-link\" tabindex=\"-1\">Our Grantees<\/a><\/li>\n<li class=\"menu-item menu-item-type-post_type menu-item-object-page menu-item-386\"><a href=\"https:\/\/www.first5napa.org\/es\/investments\/opportunities-for-funding\/\" class=\"elementor-item menu-link\" tabindex=\"-1\">Opportunities for Funding<\/a><\/li>\n<\/ul>\t\t\t<\/nav>\n\t\t\t\t\t\t<\/div>\n\t\t\t\t<\/div>\n\t\t\t\t<div class=\"elementor-element elementor-element-02d87f2 elementor-hidden-desktop elementor-hidden-laptop elementor-hidden-tablet elementor-widget-divider--view-line elementor-widget elementor-widget-divider\" data-id=\"02d87f2\" data-element_type=\"widget\" data-e-type=\"widget\" data-widget_type=\"divider.default\">\n\t\t\t\t<div class=\"elementor-widget-container\">\n\t\t\t\t\t\t\t<div class=\"elementor-divider\">\n\t\t\t<span class=\"elementor-divider-separator\">\n\t\t\t\t\t\t<\/span>\n\t\t<\/div>\n\t\t\t\t\t\t<\/div>\n\t\t\t\t<\/div>\n\t\t\t\t\t<\/div>\n\t\t\t\t<\/div>\n\t\t\t\t\t<\/div>\n\t\t\t\t<\/aside>\n\t\t<div class=\"elementor-element elementor-element-d31f701 e-flex e-con-boxed e-con e-child\" data-id=\"d31f701\" data-element_type=\"container\" data-e-type=\"container\">\n\t\t\t\t\t<div class=\"e-con-inner\">\n\t\t\t\t<div class=\"elementor-element elementor-element-02144b2 elementor-widget elementor-widget-menu-anchor\" data-id=\"02144b2\" data-element_type=\"widget\" data-e-type=\"widget\" data-widget_type=\"menu-anchor.default\">\n\t\t\t\t<div class=\"elementor-widget-container\">\n\t\t\t\t\t\t\t<div class=\"elementor-menu-anchor\" id=\"readcontent\"><\/div>\n\t\t\t\t\t\t<\/div>\n\t\t\t\t<\/div>\n\t\t\t\t<div class=\"elementor-element elementor-element-bc2bf10 elementor-widget elementor-widget-heading\" data-id=\"bc2bf10\" data-element_type=\"widget\" data-e-type=\"widget\" data-widget_type=\"heading.default\">\n\t\t\t\t<div class=\"elementor-widget-container\">\n\t\t\t\t\t<h2 class=\"elementor-heading-title elementor-size-default\">Opportunities For Funding<\/h2>\t\t\t\t<\/div>\n\t\t\t\t<\/div>\n\t\t\t\t<div class=\"elementor-element elementor-element-2badb28 elementor-widget elementor-widget-text-editor\" data-id=\"2badb28\" data-element_type=\"widget\" data-e-type=\"widget\" data-widget_type=\"text-editor.default\">\n\t\t\t\t<div class=\"elementor-widget-container\">\n\t\t\t\t\t\t\t\t\t<p><!--StartFragment --><span class=\"cf0\">Opportunities for funding not available at this time, please check again soon.<\/span><!--EndFragment --><\/p>\t\t\t\t\t\t\t\t<\/div>\n\t\t\t\t<\/div>\n\t\t\t\t\t<\/div>\n\t\t\t\t<\/div>\n\t\t\t\t\t<\/div>\n\t\t\t\t<\/div>\n\t\t\t\t<\/div>\n\t\t","protected":false},"excerpt":{"rendered":"<p>Opportunities For Funding READ MORE What We Fund Opportunities For Funding Opportunities for funding not available at this time, please check again soon.<\/p>","protected":false},"author":1,"featured_media":0,"parent":52,"menu_order":4,"comment_status":"closed","ping_status":"closed","template":"elementor_header_footer","meta":{"_acf_changed":false,"inline_featured_image":false,"site-sidebar-layout":"no-sidebar","site-content-layout":"","ast-site-content-layout":"full-width-container","site-content-style":"default","site-sidebar-style":"default","ast-global-header-display":"","ast-banner-title-visibility":"","ast-main-header-display":"","ast-hfb-above-header-display":"","ast-hfb-below-header-display":"","ast-hfb-mobile-header-display":"","site-post-title":"disabled","ast-breadcrumbs-content":"","ast-featured-img":"disabled","footer-sml-layout":"","ast-disable-related-posts":"","theme-transparent-header-meta":"default","adv-header-id-meta":"","stick-header-meta":"","header-above-stick-meta":"","header-main-stick-meta":"","header-below-stick-meta":"","astra-migrate-meta-layouts":"set","ast-page-background-enabled":"default","ast-page-background-meta":{"desktop":{"background-color":"var(--ast-global-color-4)","background-image":"","background-repeat":"repeat","background-position":"center center","background-size":"auto","background-attachment":"scroll","background-type":"","background-media":"","overlay-type":"","overlay-color":"","overlay-opacity":"","overlay-gradient":""},"tablet":{"background-color":"","background-image":"","background-repeat":"repeat","background-position":"center center","background-size":"auto","background-attachment":"scroll","background-type":"","background-media":"","overlay-type":"","overlay-color":"","overlay-opacity":"","overlay-gradient":""},"mobile":{"background-color":"","background-image":"","background-repeat":"repeat","background-position":"center center","background-size":"auto","background-attachment":"scroll","background-type":"","background-media":"","overlay-type":"","overlay-color":"","overlay-opacity":"","overlay-gradient":""}},"ast-content-background-meta":{"desktop":{"background-color":"var(--ast-global-color-5)","background-image":"","background-repeat":"repeat","background-position":"center center","background-size":"auto","background-attachment":"scroll","background-type":"","background-media":"","overlay-type":"","overlay-color":"","overlay-opacity":"","overlay-gradient":""},"tablet":{"background-color":"var(--ast-global-color-5)","background-image":"","background-repeat":"repeat","background-position":"center center","background-size":"auto","background-attachment":"scroll","background-type":"","background-media":"","overlay-type":"","overlay-color":"","overlay-opacity":"","overlay-gradient":""},"mobile":{"background-color":"var(--ast-global-color-5)","background-image":"","background-repeat":"repeat","background-position":"center center","background-size":"auto","background-attachment":"scroll","background-type":"","background-media":"","overlay-type":"","overlay-color":"","overlay-opacity":"","overlay-gradient":""}},"footnotes":""},"class_list":["post-77","page","type-page","status-publish","hentry"],"acf":[],"yoast_head":"<!-- This site is optimized with the Yoast SEO plugin v27.3 - https:\/\/yoast.com\/product\/yoast-seo-wordpress\/ -->\n<title>Opportunities for Funding - First 5 Napa County Children and Families Commission<\/title>\n<meta name=\"description\" content=\"Learn how to secure funding for child and family-focused programs in Napa through First 5 Napa County&#039;s various grants and funding opportunities.\" \/>\n<meta name=\"robots\" content=\"index, follow, max-snippet:-1, max-image-preview:large, max-video-preview:-1\" \/>\n<link rel=\"canonical\" href=\"https:\/\/www.first5napa.org\/es\/investments\/oportunidades-de-financiacion\/\" \/>\n<meta property=\"og:locale\" content=\"es_MX\" \/>\n<meta property=\"og:type\" content=\"article\" \/>\n<meta property=\"og:title\" content=\"Opportunities for Funding - First 5 Napa County Children and Families Commission\" \/>\n<meta property=\"og:description\" content=\"Learn how to secure funding for child and family-focused programs in Napa through First 5 Napa County&#039;s various grants and funding opportunities.\" \/>\n<meta property=\"og:url\" content=\"https:\/\/www.first5napa.org\/es\/investments\/oportunidades-de-financiacion\/\" \/>\n<meta property=\"og:site_name\" content=\"First 5 Napa County Children and Families Commission\" \/>\n<meta property=\"article:modified_time\" content=\"2025-09-24T00:04:24+00:00\" \/>\n<meta property=\"og:image\" content=\"https:\/\/www.first5napa.org\/wp-content\/uploads\/2023\/10\/facebook.jpg\" \/>\n\t<meta property=\"og:image:width\" content=\"2472\" \/>\n\t<meta property=\"og:image:height\" content=\"1436\" \/>\n\t<meta property=\"og:image:type\" content=\"image\/jpeg\" \/>\n<meta name=\"twitter:card\" content=\"summary_large_image\" \/>\n<meta name=\"twitter:label1\" content=\"Tiempo de lectura\" \/>\n\t<meta name=\"twitter:data1\" content=\"1 minuto\" \/>\n<script type=\"application\/ld+json\" class=\"yoast-schema-graph\">{\"@context\":\"https:\\\/\\\/schema.org\",\"@graph\":[{\"@type\":\"WebPage\",\"@id\":\"https:\\\/\\\/www.first5napa.org\\\/investments\\\/opportunities-for-funding\\\/\",\"url\":\"https:\\\/\\\/www.first5napa.org\\\/investments\\\/opportunities-for-funding\\\/\",\"name\":\"Opportunities for Funding - First 5 Napa County Children and Families Commission\",\"isPartOf\":{\"@id\":\"https:\\\/\\\/www.first5napa.org\\\/#website\"},\"datePublished\":\"2023-09-09T14:44:31+00:00\",\"dateModified\":\"2025-09-24T00:04:24+00:00\",\"description\":\"Learn how to secure funding for child and family-focused programs in Napa through First 5 Napa County's various grants and funding opportunities.\",\"breadcrumb\":{\"@id\":\"https:\\\/\\\/www.first5napa.org\\\/investments\\\/opportunities-for-funding\\\/#breadcrumb\"},\"inLanguage\":\"es\",\"potentialAction\":[{\"@type\":\"ReadAction\",\"target\":[\"https:\\\/\\\/www.first5napa.org\\\/investments\\\/opportunities-for-funding\\\/\"]}]},{\"@type\":\"BreadcrumbList\",\"@id\":\"https:\\\/\\\/www.first5napa.org\\\/investments\\\/opportunities-for-funding\\\/#breadcrumb\",\"itemListElement\":[{\"@type\":\"ListItem\",\"position\":1,\"name\":\"Home\",\"item\":\"https:\\\/\\\/www.first5napa.org\\\/\"},{\"@type\":\"ListItem\",\"position\":2,\"name\":\"Investments\",\"item\":\"https:\\\/\\\/www.first5napa.org\\\/investments\\\/\"},{\"@type\":\"ListItem\",\"position\":3,\"name\":\"Opportunities for Funding\"}]},{\"@type\":\"WebSite\",\"@id\":\"https:\\\/\\\/www.first5napa.org\\\/#website\",\"url\":\"https:\\\/\\\/www.first5napa.org\\\/\",\"name\":\"First 5 Napa County Children and Families Commission\",\"description\":\"\",\"publisher\":{\"@id\":\"https:\\\/\\\/www.first5napa.org\\\/#organization\"},\"potentialAction\":[{\"@type\":\"SearchAction\",\"target\":{\"@type\":\"EntryPoint\",\"urlTemplate\":\"https:\\\/\\\/www.first5napa.org\\\/?s={search_term_string}\"},\"query-input\":{\"@type\":\"PropertyValueSpecification\",\"valueRequired\":true,\"valueName\":\"search_term_string\"}}],\"inLanguage\":\"es\"},{\"@type\":\"Organization\",\"@id\":\"https:\\\/\\\/www.first5napa.org\\\/#organization\",\"name\":\"First 5 Napa County Children and Families Commission\",\"url\":\"https:\\\/\\\/www.first5napa.org\\\/\",\"logo\":{\"@type\":\"ImageObject\",\"inLanguage\":\"es\",\"@id\":\"https:\\\/\\\/www.first5napa.org\\\/#\\\/schema\\\/logo\\\/image\\\/\",\"url\":\"https:\\\/\\\/www.first5napa.org\\\/wp-content\\\/uploads\\\/2023\\\/09\\\/first-five-napa-stacked-logo-full-color-rgb-900px-w-72ppi.png\",\"contentUrl\":\"https:\\\/\\\/www.first5napa.org\\\/wp-content\\\/uploads\\\/2023\\\/09\\\/first-five-napa-stacked-logo-full-color-rgb-900px-w-72ppi.png\",\"width\":900,\"height\":536,\"caption\":\"First 5 Napa County Children and Families Commission\"},\"image\":{\"@id\":\"https:\\\/\\\/www.first5napa.org\\\/#\\\/schema\\\/logo\\\/image\\\/\"}}]}<\/script>\n<!-- \/ Yoast SEO plugin. -->","yoast_head_json":{"title":"Oportunidades de financiaci\u00f3n - First 5 Napa County Children and Families Commission","description":"Aprenda c\u00f3mo conseguir financiaci\u00f3n para programas centrados en los ni\u00f1os y las familias de Napa a trav\u00e9s de las diversas subvenciones y oportunidades de financiaci\u00f3n de First 5 Napa County.","robots":{"index":"index","follow":"follow","max-snippet":"max-snippet:-1","max-image-preview":"max-image-preview:large","max-video-preview":"max-video-preview:-1"},"canonical":"https:\/\/www.first5napa.org\/es\/investments\/oportunidades-de-financiacion\/","og_locale":"es_MX","og_type":"article","og_title":"Opportunities for Funding - First 5 Napa County Children and Families Commission","og_description":"Learn how to secure funding for child and family-focused programs in Napa through First 5 Napa County's various grants and funding opportunities.","og_url":"https:\/\/www.first5napa.org\/es\/investments\/oportunidades-de-financiacion\/","og_site_name":"First 5 Napa County Children and Families Commission","article_modified_time":"2025-09-24T00:04:24+00:00","og_image":[{"width":2472,"height":1436,"url":"https:\/\/www.first5napa.org\/wp-content\/uploads\/2023\/10\/facebook.jpg","type":"image\/jpeg"}],"twitter_card":"summary_large_image","twitter_misc":{"Tiempo de lectura":"1 minuto"},"schema":{"@context":"https:\/\/schema.org","@graph":[{"@type":"WebPage","@id":"https:\/\/www.first5napa.org\/investments\/opportunities-for-funding\/","url":"https:\/\/www.first5napa.org\/investments\/opportunities-for-funding\/","name":"Oportunidades de financiaci\u00f3n - First 5 Napa County Children and Families Commission","isPartOf":{"@id":"https:\/\/www.first5napa.org\/#website"},"datePublished":"2023-09-09T14:44:31+00:00","dateModified":"2025-09-24T00:04:24+00:00","description":"Aprenda c\u00f3mo conseguir financiaci\u00f3n para programas centrados en los ni\u00f1os y las familias de Napa a trav\u00e9s de las diversas subvenciones y oportunidades de financiaci\u00f3n de First 5 Napa County.","breadcrumb":{"@id":"https:\/\/www.first5napa.org\/investments\/opportunities-for-funding\/#breadcrumb"},"inLanguage":"es","potentialAction":[{"@type":"ReadAction","target":["https:\/\/www.first5napa.org\/investments\/opportunities-for-funding\/"]}]},{"@type":"BreadcrumbList","@id":"https:\/\/www.first5napa.org\/investments\/opportunities-for-funding\/#breadcrumb","itemListElement":[{"@type":"ListItem","position":1,"name":"Home","item":"https:\/\/www.first5napa.org\/"},{"@type":"ListItem","position":2,"name":"Investments","item":"https:\/\/www.first5napa.org\/investments\/"},{"@type":"ListItem","position":3,"name":"Opportunities for Funding"}]},{"@type":"WebSite","@id":"https:\/\/www.first5napa.org\/#website","url":"https:\/\/www.first5napa.org\/","name":"Comisi\u00f3n de Ni\u00f1os y Familias de First 5 Napa County","description":"","publisher":{"@id":"https:\/\/www.first5napa.org\/#organization"},"potentialAction":[{"@type":"SearchAction","target":{"@type":"EntryPoint","urlTemplate":"https:\/\/www.first5napa.org\/?s={search_term_string}"},"query-input":{"@type":"PropertyValueSpecification","valueRequired":true,"valueName":"search_term_string"}}],"inLanguage":"es"},{"@type":"Organization","@id":"https:\/\/www.first5napa.org\/#organization","name":"Comisi\u00f3n de Ni\u00f1os y Familias de First 5 Napa County","url":"https:\/\/www.first5napa.org\/","logo":{"@type":"ImageObject","inLanguage":"es","@id":"https:\/\/www.first5napa.org\/#\/schema\/logo\/image\/","url":"https:\/\/www.first5napa.org\/wp-content\/uploads\/2023\/09\/first-five-napa-stacked-logo-full-color-rgb-900px-w-72ppi.png","contentUrl":"https:\/\/www.first5napa.org\/wp-content\/uploads\/2023\/09\/first-five-napa-stacked-logo-full-color-rgb-900px-w-72ppi.png","width":900,"height":536,"caption":"First 5 Napa County Children and Families Commission"},"image":{"@id":"https:\/\/www.first5napa.org\/#\/schema\/logo\/image\/"}}]}},"_links":{"self":[{"href":"https:\/\/www.first5napa.org\/es\/wp-json\/wp\/v2\/pages\/77","targetHints":{"allow":["GET"]}}],"collection":[{"href":"https:\/\/www.first5napa.org\/es\/wp-json\/wp\/v2\/pages"}],"about":[{"href":"https:\/\/www.first5napa.org\/es\/wp-json\/wp\/v2\/types\/page"}],"author":[{"embeddable":true,"href":"https:\/\/www.first5napa.org\/es\/wp-json\/wp\/v2\/users\/1"}],"replies":[{"embeddable":true,"href":"https:\/\/www.first5napa.org\/es\/wp-json\/wp\/v2\/comments?post=77"}],"version-history":[{"count":65,"href":"https:\/\/www.first5napa.org\/es\/wp-json\/wp\/v2\/pages\/77\/revisions"}],"predecessor-version":[{"id":10058,"href":"https:\/\/www.first5napa.org\/es\/wp-json\/wp\/v2\/pages\/77\/revisions\/10058"}],"up":[{"embeddable":true,"href":"https:\/\/www.first5napa.org\/es\/wp-json\/wp\/v2\/pages\/52"}],"wp:attachment":[{"href":"https:\/\/www.first5napa.org\/es\/wp-json\/wp\/v2\/media?parent=77"}],"curies":[{"name":"wp","href":"https:\/\/api.w.org\/{rel}","templated":true}]}}