{"id":9800,"date":"2025-08-22T23:41:30","date_gmt":"2025-08-22T23:41:30","guid":{"rendered":"https:\/\/www.first5napa.org\/?page_id=9800"},"modified":"2025-09-23T21:26:39","modified_gmt":"2025-09-23T21:26:39","slug":"programs","status":"publish","type":"page","link":"https:\/\/www.first5napa.org\/es\/programs\/","title":{"rendered":"Programs"},"content":{"rendered":"<div data-elementor-type=\"wp-page\" data-elementor-id=\"9800\" class=\"elementor elementor-9800\" data-elementor-post-type=\"page\">\n\t\t\t\t<div class=\"elementor-element elementor-element-3d32bd7 e-flex e-con-boxed e-con e-parent\" data-id=\"3d32bd7\" data-element_type=\"container\" data-e-type=\"container\" data-settings=\"{&quot;background_background&quot;:&quot;classic&quot;}\">\n\t\t\t\t\t<div class=\"e-con-inner\">\n\t\t<div class=\"elementor-element elementor-element-35af316 e-flex e-con-boxed e-con e-child\" data-id=\"35af316\" data-element_type=\"container\" data-e-type=\"container\">\n\t\t\t\t\t<div class=\"e-con-inner\">\n\t\t\t\t\t<\/div>\n\t\t\t\t<\/div>\n\t\t<div class=\"elementor-element elementor-element-d535ffb e-flex e-con-boxed e-con e-child\" data-id=\"d535ffb\" data-element_type=\"container\" data-e-type=\"container\" data-settings=\"{&quot;background_background&quot;:&quot;classic&quot;}\">\n\t\t\t\t\t<div class=\"e-con-inner\">\n\t\t\t\t<div class=\"elementor-element elementor-element-d5c11c6 elementor-widget elementor-widget-heading\" data-id=\"d5c11c6\" data-element_type=\"widget\" data-e-type=\"widget\" data-widget_type=\"heading.default\">\n\t\t\t\t<div class=\"elementor-widget-container\">\n\t\t\t\t\t<h1 class=\"elementor-heading-title elementor-size-default\">Programs<\/h1>\t\t\t\t<\/div>\n\t\t\t\t<\/div>\n\t\t\t\t<div class=\"elementor-element elementor-element-466ab28 elementor-widget elementor-widget-text-editor\" data-id=\"466ab28\" data-element_type=\"widget\" data-e-type=\"widget\" data-widget_type=\"text-editor.default\">\n\t\t\t\t<div class=\"elementor-widget-container\">\n\t\t\t\t\t\t\t\t\t<p>First 5 Napa County runs programs in support of a strong and healthy Napa County community with families that can set down roots, grow, and thrive.<\/p>\t\t\t\t\t\t\t\t<\/div>\n\t\t\t\t<\/div>\n\t\t\t\t<div class=\"elementor-element elementor-element-bb8d4a5 elementor-align-left elementor-widget elementor-widget-button\" data-id=\"bb8d4a5\" data-element_type=\"widget\" data-e-type=\"widget\" data-widget_type=\"button.default\">\n\t\t\t\t<div class=\"elementor-widget-container\">\n\t\t\t\t\t\t\t\t\t<div class=\"elementor-button-wrapper\">\n\t\t\t\t\t<a class=\"elementor-button elementor-button-link elementor-size-sm\" href=\"#readcontent\">\n\t\t\t\t\t\t<span class=\"elementor-button-content-wrapper\">\n\t\t\t\t\t\t\t\t\t<span class=\"elementor-button-text\">LEER M\u00c1S<\/span>\n\t\t\t\t\t<\/span>\n\t\t\t\t\t<\/a>\n\t\t\t\t<\/div>\n\t\t\t\t\t\t\t\t<\/div>\n\t\t\t\t<\/div>\n\t\t\t\t\t<\/div>\n\t\t\t\t<\/div>\n\t\t\t\t\t<\/div>\n\t\t\t\t<\/div>\n\t\t<div class=\"elementor-element elementor-element-f21d705 e-flex e-con-boxed e-con e-parent\" data-id=\"f21d705\" data-element_type=\"container\" data-e-type=\"container\">\n\t\t\t\t\t<div class=\"e-con-inner\">\n\t\t\t\t<div class=\"elementor-element elementor-element-bb04694 elementor-widget elementor-widget-menu-anchor\" data-id=\"bb04694\" data-element_type=\"widget\" data-e-type=\"widget\" data-widget_type=\"menu-anchor.default\">\n\t\t\t\t<div class=\"elementor-widget-container\">\n\t\t\t\t\t\t\t<div class=\"elementor-menu-anchor\" id=\"readcontent\"><\/div>\n\t\t\t\t\t\t<\/div>\n\t\t\t\t<\/div>\n\t\t\t\t\t<\/div>\n\t\t\t\t<\/div>\n\t\t<div class=\"elementor-element elementor-element-6550f37 e-flex e-con-boxed e-con e-parent\" data-id=\"6550f37\" data-element_type=\"container\" data-e-type=\"container\">\n\t\t\t\t\t<div class=\"e-con-inner\">\n\t\t<div class=\"elementor-element elementor-element-9e970b3 e-flex e-con-boxed e-con e-child\" data-id=\"9e970b3\" data-element_type=\"container\" data-e-type=\"container\" data-settings=\"{&quot;background_background&quot;:&quot;classic&quot;}\">\n\t\t\t\t\t<div class=\"e-con-inner\">\n\t\t\t\t\t<\/div>\n\t\t\t\t<\/div>\n\t\t<div class=\"elementor-element elementor-element-4307697 e-flex e-con-boxed e-con e-child\" data-id=\"4307697\" data-element_type=\"container\" data-e-type=\"container\" data-settings=\"{&quot;background_background&quot;:&quot;classic&quot;}\">\n\t\t\t\t\t<div class=\"e-con-inner\">\n\t\t\t\t<div class=\"elementor-element elementor-element-4359033 elementor-widget elementor-widget-heading\" data-id=\"4359033\" data-element_type=\"widget\" data-e-type=\"widget\" data-widget_type=\"heading.default\">\n\t\t\t\t<div class=\"elementor-widget-container\">\n\t\t\t\t\t<h2 class=\"elementor-heading-title elementor-size-default\">Imagination Library<\/h2>\t\t\t\t<\/div>\n\t\t\t\t<\/div>\n\t\t\t\t<div class=\"elementor-element elementor-element-d8e835b elementor-widget elementor-widget-text-editor\" data-id=\"d8e835b\" data-element_type=\"widget\" data-e-type=\"widget\" data-widget_type=\"text-editor.default\">\n\t\t\t\t<div class=\"elementor-widget-container\">\n\t\t\t\t\t\t\t\t\t<p>Dolly Parton\u2019s Imagination Library program brings the excitement of reading into more local Napa County homes.<\/p>\t\t\t\t\t\t\t\t<\/div>\n\t\t\t\t<\/div>\n\t\t\t\t<div class=\"elementor-element elementor-element-e648b46 elementor-align-left elementor-widget elementor-widget-button\" data-id=\"e648b46\" data-element_type=\"widget\" data-e-type=\"widget\" data-widget_type=\"button.default\">\n\t\t\t\t<div class=\"elementor-widget-container\">\n\t\t\t\t\t\t\t\t\t<div class=\"elementor-button-wrapper\">\n\t\t\t\t\t<a class=\"elementor-button elementor-button-link elementor-size-sm\" href=\"\/es\/programs\/imagination-library\/\">\n\t\t\t\t\t\t<span class=\"elementor-button-content-wrapper\">\n\t\t\t\t\t\t\t\t\t<span class=\"elementor-button-text\">LEER M\u00c1S<\/span>\n\t\t\t\t\t<\/span>\n\t\t\t\t\t<\/a>\n\t\t\t\t<\/div>\n\t\t\t\t\t\t\t\t<\/div>\n\t\t\t\t<\/div>\n\t\t\t\t\t<\/div>\n\t\t\t\t<\/div>\n\t\t\t\t\t<\/div>\n\t\t\t\t<\/div>\n\t\t<div class=\"elementor-element elementor-element-c7e03d9 e-flex e-con-boxed e-con e-parent\" data-id=\"c7e03d9\" data-element_type=\"container\" data-e-type=\"container\">\n\t\t\t\t\t<div class=\"e-con-inner\">\n\t\t<div class=\"elementor-element elementor-element-d8c973e e-flex e-con-boxed e-con e-child\" data-id=\"d8c973e\" data-element_type=\"container\" data-e-type=\"container\" data-settings=\"{&quot;background_background&quot;:&quot;classic&quot;}\">\n\t\t\t\t\t<div class=\"e-con-inner\">\n\t\t\t\t<div class=\"elementor-element elementor-element-90c24f1 elementor-widget elementor-widget-heading\" data-id=\"90c24f1\" data-element_type=\"widget\" data-e-type=\"widget\" data-widget_type=\"heading.default\">\n\t\t\t\t<div class=\"elementor-widget-container\">\n\t\t\t\t\t<h2 class=\"elementor-heading-title elementor-size-default\">Safe Seats<\/h2>\t\t\t\t<\/div>\n\t\t\t\t<\/div>\n\t\t\t\t<div class=\"elementor-element elementor-element-6a63064 elementor-widget elementor-widget-text-editor\" data-id=\"6a63064\" data-element_type=\"widget\" data-e-type=\"widget\" data-widget_type=\"text-editor.default\">\n\t\t\t\t<div class=\"elementor-widget-container\">\n\t\t\t\t\t\t\t\t\t<p>Napa County families in need now have access to high-quality infant, convertible, and booster car seats.<\/p>\t\t\t\t\t\t\t\t<\/div>\n\t\t\t\t<\/div>\n\t\t\t\t<div class=\"elementor-element elementor-element-101d81c elementor-align-left elementor-widget elementor-widget-button\" data-id=\"101d81c\" data-element_type=\"widget\" data-e-type=\"widget\" data-widget_type=\"button.default\">\n\t\t\t\t<div class=\"elementor-widget-container\">\n\t\t\t\t\t\t\t\t\t<div class=\"elementor-button-wrapper\">\n\t\t\t\t\t<a class=\"elementor-button elementor-button-link elementor-size-sm\" href=\"\/es\/programs\/safe-seats\/\">\n\t\t\t\t\t\t<span class=\"elementor-button-content-wrapper\">\n\t\t\t\t\t\t\t\t\t<span class=\"elementor-button-text\">LEER M\u00c1S<\/span>\n\t\t\t\t\t<\/span>\n\t\t\t\t\t<\/a>\n\t\t\t\t<\/div>\n\t\t\t\t\t\t\t\t<\/div>\n\t\t\t\t<\/div>\n\t\t\t\t\t<\/div>\n\t\t\t\t<\/div>\n\t\t<div class=\"elementor-element elementor-element-e9ee6cc e-flex e-con-boxed e-con e-child\" data-id=\"e9ee6cc\" data-element_type=\"container\" data-e-type=\"container\" data-settings=\"{&quot;background_background&quot;:&quot;classic&quot;}\">\n\t\t\t\t\t<div class=\"e-con-inner\">\n\t\t\t\t\t<\/div>\n\t\t\t\t<\/div>\n\t\t\t\t\t<\/div>\n\t\t\t\t<\/div>\n\t\t\t\t<\/div>","protected":false},"excerpt":{"rendered":"<p>Programs First 5 Napa County runs programs in support of a strong and healthy Napa County community with families that can set down roots, grow, and thrive. READ MORE Imagination Library Dolly Parton\u2019s Imagination Library program brings the excitement of reading into more local Napa County homes. READ MORE Safe Seats Napa County families in [&hellip;]<\/p>\n","protected":false},"author":1,"featured_media":0,"parent":0,"menu_order":2,"comment_status":"closed","ping_status":"closed","template":"elementor_header_footer","meta":{"_acf_changed":false,"inline_featured_image":false,"site-sidebar-layout":"no-sidebar","site-content-layout":"","ast-site-content-layout":"full-width-container","site-content-style":"default","site-sidebar-style":"default","ast-global-header-display":"","ast-banner-title-visibility":"","ast-main-header-display":"","ast-hfb-above-header-display":"","ast-hfb-below-header-display":"","ast-hfb-mobile-header-display":"","site-post-title":"disabled","ast-breadcrumbs-content":"","ast-featured-img":"disabled","footer-sml-layout":"","ast-disable-related-posts":"","theme-transparent-header-meta":"default","adv-header-id-meta":"","stick-header-meta":"","header-above-stick-meta":"","header-main-stick-meta":"","header-below-stick-meta":"","astra-migrate-meta-layouts":"set","ast-page-background-enabled":"default","ast-page-background-meta":{"desktop":{"background-color":"var(--ast-global-color-4)","background-image":"","background-repeat":"repeat","background-position":"center center","background-size":"auto","background-attachment":"scroll","background-type":"","background-media":"","overlay-type":"","overlay-color":"","overlay-opacity":"","overlay-gradient":""},"tablet":{"background-color":"","background-image":"","background-repeat":"repeat","background-position":"center center","background-size":"auto","background-attachment":"scroll","background-type":"","background-media":"","overlay-type":"","overlay-color":"","overlay-opacity":"","overlay-gradient":""},"mobile":{"background-color":"","background-image":"","background-repeat":"repeat","background-position":"center center","background-size":"auto","background-attachment":"scroll","background-type":"","background-media":"","overlay-type":"","overlay-color":"","overlay-opacity":"","overlay-gradient":""}},"ast-content-background-meta":{"desktop":{"background-color":"var(--ast-global-color-5)","background-image":"","background-repeat":"repeat","background-position":"center center","background-size":"auto","background-attachment":"scroll","background-type":"","background-media":"","overlay-type":"","overlay-color":"","overlay-opacity":"","overlay-gradient":""},"tablet":{"background-color":"var(--ast-global-color-5)","background-image":"","background-repeat":"repeat","background-position":"center center","background-size":"auto","background-attachment":"scroll","background-type":"","background-media":"","overlay-type":"","overlay-color":"","overlay-opacity":"","overlay-gradient":""},"mobile":{"background-color":"var(--ast-global-color-5)","background-image":"","background-repeat":"repeat","background-position":"center center","background-size":"auto","background-attachment":"scroll","background-type":"","background-media":"","overlay-type":"","overlay-color":"","overlay-opacity":"","overlay-gradient":""}},"footnotes":""},"class_list":["post-9800","page","type-page","status-publish","hentry"],"acf":[],"yoast_head":"<!-- This site is optimized with the Yoast SEO plugin v27.3 - https:\/\/yoast.com\/product\/yoast-seo-wordpress\/ -->\n<title>Programs - First 5 Napa County Children and Families Commission<\/title>\n<meta name=\"description\" content=\"Discover who we are at First 5 Napa County. Meet our team and find out how we&#039;re making a difference in the lives of children and families in Napa.\" \/>\n<meta name=\"robots\" content=\"index, follow, max-snippet:-1, max-image-preview:large, max-video-preview:-1\" \/>\n<link rel=\"canonical\" href=\"https:\/\/www.first5napa.org\/es\/programs\/\" \/>\n<meta property=\"og:locale\" content=\"es_MX\" \/>\n<meta property=\"og:type\" content=\"article\" \/>\n<meta property=\"og:title\" content=\"Programs - First 5 Napa County Children and Families Commission\" \/>\n<meta property=\"og:description\" content=\"Discover who we are at First 5 Napa County. Meet our team and find out how we&#039;re making a difference in the lives of children and families in Napa.\" \/>\n<meta property=\"og:url\" content=\"https:\/\/www.first5napa.org\/es\/programs\/\" \/>\n<meta property=\"og:site_name\" content=\"First 5 Napa County Children and Families Commission\" \/>\n<meta property=\"article:modified_time\" content=\"2025-09-23T21:26:39+00:00\" \/>\n<meta property=\"og:image\" content=\"https:\/\/www.first5napa.org\/wp-content\/uploads\/2023\/10\/facebook.jpg\" \/>\n\t<meta property=\"og:image:width\" content=\"2472\" \/>\n\t<meta property=\"og:image:height\" content=\"1436\" \/>\n\t<meta property=\"og:image:type\" content=\"image\/jpeg\" \/>\n<meta name=\"twitter:card\" content=\"summary_large_image\" \/>\n<meta name=\"twitter:label1\" content=\"Tiempo de lectura\" \/>\n\t<meta name=\"twitter:data1\" content=\"1 minuto\" \/>\n<script type=\"application\/ld+json\" class=\"yoast-schema-graph\">{\"@context\":\"https:\\\/\\\/schema.org\",\"@graph\":[{\"@type\":\"WebPage\",\"@id\":\"https:\\\/\\\/www.first5napa.org\\\/programs\\\/\",\"url\":\"https:\\\/\\\/www.first5napa.org\\\/programs\\\/\",\"name\":\"Programs - First 5 Napa County Children and Families Commission\",\"isPartOf\":{\"@id\":\"https:\\\/\\\/www.first5napa.org\\\/#website\"},\"datePublished\":\"2025-08-22T23:41:30+00:00\",\"dateModified\":\"2025-09-23T21:26:39+00:00\",\"description\":\"Discover who we are at First 5 Napa County. Meet our team and find out how we're making a difference in the lives of children and families in Napa.\",\"breadcrumb\":{\"@id\":\"https:\\\/\\\/www.first5napa.org\\\/programs\\\/#breadcrumb\"},\"inLanguage\":\"es\",\"potentialAction\":[{\"@type\":\"ReadAction\",\"target\":[\"https:\\\/\\\/www.first5napa.org\\\/programs\\\/\"]}]},{\"@type\":\"BreadcrumbList\",\"@id\":\"https:\\\/\\\/www.first5napa.org\\\/programs\\\/#breadcrumb\",\"itemListElement\":[{\"@type\":\"ListItem\",\"position\":1,\"name\":\"Home\",\"item\":\"https:\\\/\\\/www.first5napa.org\\\/\"},{\"@type\":\"ListItem\",\"position\":2,\"name\":\"Programs\"}]},{\"@type\":\"WebSite\",\"@id\":\"https:\\\/\\\/www.first5napa.org\\\/#website\",\"url\":\"https:\\\/\\\/www.first5napa.org\\\/\",\"name\":\"First 5 Napa County Children and Families Commission\",\"description\":\"\",\"publisher\":{\"@id\":\"https:\\\/\\\/www.first5napa.org\\\/#organization\"},\"potentialAction\":[{\"@type\":\"SearchAction\",\"target\":{\"@type\":\"EntryPoint\",\"urlTemplate\":\"https:\\\/\\\/www.first5napa.org\\\/?s={search_term_string}\"},\"query-input\":{\"@type\":\"PropertyValueSpecification\",\"valueRequired\":true,\"valueName\":\"search_term_string\"}}],\"inLanguage\":\"es\"},{\"@type\":\"Organization\",\"@id\":\"https:\\\/\\\/www.first5napa.org\\\/#organization\",\"name\":\"First 5 Napa County Children and Families Commission\",\"url\":\"https:\\\/\\\/www.first5napa.org\\\/\",\"logo\":{\"@type\":\"ImageObject\",\"inLanguage\":\"es\",\"@id\":\"https:\\\/\\\/www.first5napa.org\\\/#\\\/schema\\\/logo\\\/image\\\/\",\"url\":\"https:\\\/\\\/www.first5napa.org\\\/wp-content\\\/uploads\\\/2023\\\/09\\\/first-five-napa-stacked-logo-full-color-rgb-900px-w-72ppi.png\",\"contentUrl\":\"https:\\\/\\\/www.first5napa.org\\\/wp-content\\\/uploads\\\/2023\\\/09\\\/first-five-napa-stacked-logo-full-color-rgb-900px-w-72ppi.png\",\"width\":900,\"height\":536,\"caption\":\"First 5 Napa County Children and Families Commission\"},\"image\":{\"@id\":\"https:\\\/\\\/www.first5napa.org\\\/#\\\/schema\\\/logo\\\/image\\\/\"}}]}<\/script>\n<!-- \/ Yoast SEO plugin. -->","yoast_head_json":{"title":"Programs - First 5 Napa County Children and Families Commission","description":"Descubra qui\u00e9nes somos en First 5 Napa County. Conoce a nuestro equipo y descubre c\u00f3mo estamos marcando la diferencia en las vidas de los ni\u00f1os y las familias de Napa.","robots":{"index":"index","follow":"follow","max-snippet":"max-snippet:-1","max-image-preview":"max-image-preview:large","max-video-preview":"max-video-preview:-1"},"canonical":"https:\/\/www.first5napa.org\/es\/programs\/","og_locale":"es_MX","og_type":"article","og_title":"Programs - First 5 Napa County Children and Families Commission","og_description":"Discover who we are at First 5 Napa County. Meet our team and find out how we're making a difference in the lives of children and families in Napa.","og_url":"https:\/\/www.first5napa.org\/es\/programs\/","og_site_name":"First 5 Napa County Children and Families Commission","article_modified_time":"2025-09-23T21:26:39+00:00","og_image":[{"width":2472,"height":1436,"url":"https:\/\/www.first5napa.org\/wp-content\/uploads\/2023\/10\/facebook.jpg","type":"image\/jpeg"}],"twitter_card":"summary_large_image","twitter_misc":{"Tiempo de lectura":"1 minuto"},"schema":{"@context":"https:\/\/schema.org","@graph":[{"@type":"WebPage","@id":"https:\/\/www.first5napa.org\/programs\/","url":"https:\/\/www.first5napa.org\/programs\/","name":"Programs - First 5 Napa County Children and Families Commission","isPartOf":{"@id":"https:\/\/www.first5napa.org\/#website"},"datePublished":"2025-08-22T23:41:30+00:00","dateModified":"2025-09-23T21:26:39+00:00","description":"Descubra qui\u00e9nes somos en First 5 Napa County. Conoce a nuestro equipo y descubre c\u00f3mo estamos marcando la diferencia en las vidas de los ni\u00f1os y las familias de Napa.","breadcrumb":{"@id":"https:\/\/www.first5napa.org\/programs\/#breadcrumb"},"inLanguage":"es","potentialAction":[{"@type":"ReadAction","target":["https:\/\/www.first5napa.org\/programs\/"]}]},{"@type":"BreadcrumbList","@id":"https:\/\/www.first5napa.org\/programs\/#breadcrumb","itemListElement":[{"@type":"ListItem","position":1,"name":"Home","item":"https:\/\/www.first5napa.org\/"},{"@type":"ListItem","position":2,"name":"Programs"}]},{"@type":"WebSite","@id":"https:\/\/www.first5napa.org\/#website","url":"https:\/\/www.first5napa.org\/","name":"Comisi\u00f3n de Ni\u00f1os y Familias de First 5 Napa County","description":"","publisher":{"@id":"https:\/\/www.first5napa.org\/#organization"},"potentialAction":[{"@type":"SearchAction","target":{"@type":"EntryPoint","urlTemplate":"https:\/\/www.first5napa.org\/?s={search_term_string}"},"query-input":{"@type":"PropertyValueSpecification","valueRequired":true,"valueName":"search_term_string"}}],"inLanguage":"es"},{"@type":"Organization","@id":"https:\/\/www.first5napa.org\/#organization","name":"Comisi\u00f3n de Ni\u00f1os y Familias de First 5 Napa County","url":"https:\/\/www.first5napa.org\/","logo":{"@type":"ImageObject","inLanguage":"es","@id":"https:\/\/www.first5napa.org\/#\/schema\/logo\/image\/","url":"https:\/\/www.first5napa.org\/wp-content\/uploads\/2023\/09\/first-five-napa-stacked-logo-full-color-rgb-900px-w-72ppi.png","contentUrl":"https:\/\/www.first5napa.org\/wp-content\/uploads\/2023\/09\/first-five-napa-stacked-logo-full-color-rgb-900px-w-72ppi.png","width":900,"height":536,"caption":"First 5 Napa County Children and Families Commission"},"image":{"@id":"https:\/\/www.first5napa.org\/#\/schema\/logo\/image\/"}}]}},"_links":{"self":[{"href":"https:\/\/www.first5napa.org\/es\/wp-json\/wp\/v2\/pages\/9800","targetHints":{"allow":["GET"]}}],"collection":[{"href":"https:\/\/www.first5napa.org\/es\/wp-json\/wp\/v2\/pages"}],"about":[{"href":"https:\/\/www.first5napa.org\/es\/wp-json\/wp\/v2\/types\/page"}],"author":[{"embeddable":true,"href":"https:\/\/www.first5napa.org\/es\/wp-json\/wp\/v2\/users\/1"}],"replies":[{"embeddable":true,"href":"https:\/\/www.first5napa.org\/es\/wp-json\/wp\/v2\/comments?post=9800"}],"version-history":[{"count":37,"href":"https:\/\/www.first5napa.org\/es\/wp-json\/wp\/v2\/pages\/9800\/revisions"}],"predecessor-version":[{"id":10045,"href":"https:\/\/www.first5napa.org\/es\/wp-json\/wp\/v2\/pages\/9800\/revisions\/10045"}],"wp:attachment":[{"href":"https:\/\/www.first5napa.org\/es\/wp-json\/wp\/v2\/media?parent=9800"}],"curies":[{"name":"wp","href":"https:\/\/api.w.org\/{rel}","templated":true}]}}